{"id":2117,"date":"2021-02-02T17:21:00","date_gmt":"2021-02-02T17:21:00","guid":{"rendered":"http:\/\/www.anthrocervone.org\/africanhumanities\/?page_id=2117"},"modified":"2023-05-23T16:45:46","modified_gmt":"2023-05-23T16:45:46","slug":"philosophy","status":"publish","type":"page","link":"https:\/\/www.anthrocervone.org\/africanhumanities\/culture-society-2\/philosophy\/","title":{"rendered":"Philosophy"},"content":{"rendered":"<div class=\"wp-block-image\">\n<figure class=\"alignright size-large is-resized\"><a href=\"http:\/\/www.anthrocervone.org\/africanhumanities\/wp-content\/uploads\/2021\/08\/db2a62bd-8dba-47a1-b5ad-c5874864b85d_18-Africaanse-filosofie-tekening-by-Boogaard_8c2dae35_290x419_2581f6a2_570x823_145x209.png\"><img decoding=\"async\" loading=\"lazy\" src=\"http:\/\/www.anthrocervone.org\/africanhumanities\/wp-content\/uploads\/2021\/08\/db2a62bd-8dba-47a1-b5ad-c5874864b85d_18-Africaanse-filosofie-tekening-by-Boogaard_8c2dae35_290x419_2581f6a2_570x823_145x209.png\" alt=\"\" class=\"wp-image-2416\" width=\"223\" height=\"323\" srcset=\"https:\/\/www.anthrocervone.org\/africanhumanities\/wp-content\/uploads\/2021\/08\/db2a62bd-8dba-47a1-b5ad-c5874864b85d_18-Africaanse-filosofie-tekening-by-Boogaard_8c2dae35_290x419_2581f6a2_570x823_145x209.png 570w, https:\/\/www.anthrocervone.org\/africanhumanities\/wp-content\/uploads\/2021\/08\/db2a62bd-8dba-47a1-b5ad-c5874864b85d_18-Africaanse-filosofie-tekening-by-Boogaard_8c2dae35_290x419_2581f6a2_570x823_145x209-208x300.png 208w\" sizes=\"(max-width: 223px) 100vw, 223px\" \/><\/a><\/figure><\/div>\n\n\n<p>African philosophy has a rich history spanning from the earliest known philosophers in Egypt to the political philosophers that fueled African liberation movements in the mid-twentieth century and continue to resonate with social justice movements worldwide. This lesson will provide a brief introduction to the ways philosophers in Africa have shaped, and continue to shape, the international field of philosophy.<\/p>\n\n\n\n<h6 class=\"wp-block-heading\">Objectives<\/h6>\n\n\n\n<ul>\n<li>describe African philosophy<\/li>\n\n\n\n<li>recognize Africana Philosophy<\/li>\n\n\n\n<li>evaluate the contributions of African philosophers<\/li>\n<\/ul>\n\n\n\n<h6 class=\"wp-block-heading\">Philosophy in Africa<\/h6>\n\n\n\n<p>Philosophy in Africa has a rich and varied history from ancient times to the contemporary era. Some of the world&#8217;s oldest philosophical texts were produced in Egypt nearly 5,000 years ago, and Ptahhotep from Egypt is among the earliest known philosophers. <em>The Maxims of Ptahhotep<\/em>, which dates to 2375\u20132350 BCE, is referred to as &#8216;wisdom literature,&#8217; and it was used for centuries to teach culture and ways of living to schoolboys. In the 5th century BCE, the Greek philosopher&nbsp;Isocrates&nbsp;wrote that Greek thinkers such as Pythagoras frequently traveled to Egypt to study, and recent research now indicates that the Greek word&nbsp;<em>philosophos<\/em>, which means &#8216;lover of wisdom,&#8217; is derived from the Egyptian concept&nbsp;<em>mer-rekh<\/em>&nbsp;which also means \u201clover of wisdom.\u201d Today a growing body of scholarship points to evidence showing that Egypt and other early African civilizations contributed to the development of Classical Greek philosophy in Europe, and many African philosophers continue to engage with the global philosophical community today. <\/p>\n\n\n\n<p>Contemporary Nigerian philosopher, Joseph I. Omoregbe, defines <em>philosophy<\/em> as the attempt to understand the world&#8217;s phenomena, the purpose of human existence, the nature of the world, and the place of human beings in that world. Like many ancient and modern philosophers throughout the world, philosophers in Africa address perceptions of time, personhood, space and other subjects contemplated by philosophical communities worldwide. Yet Kenyan&nbsp;philosopher&nbsp;Henry Odera Oruka&nbsp;distinguishes <em>African<\/em> philosophy from other geographic and cultural philosophical groups by describing four specific trends in modern African philosophy: ethnophilosophy, philosophical sagacity, nationalistic\u2013ideological philosophy, and professional philosophy.<\/p>\n\n\n\n<h6 class=\"wp-block-heading\">African Philosophy as Ethnophilosophy and Philosophical Sagacity<\/h6>\n\n\n\n<p><em>Ethnophilosophy<\/em> is a philosophical perspectives that considers the unique circumstances, historical developments, and social contexts experienced by different cultural groups throughout the world. Similar to the different perspectives emerging from philosophers in Europe, Asia and the Americas, <em>African philosophy <\/em>is an ethnophilosophy shaped by the unique social and historical contexts experienced by people connected to Africa. Historical context plays an important role in African philosophy because history shapes the lens in which phenomena, purpose, people and place are situated. Nigerian born Philosopher&nbsp;K.C. Anyanwu&nbsp;defined African philosophy as &#8220;that which concerns itself with the way in which African people of the past and present make sense of their destiny and of the world in which they live.&#8221;  In this way, African philosophy consists of shared ideas, values, categories, experiences and assumptions that are embedded in the language, practices, and beliefs of different African cultures or worldviews.<\/p>\n\n\n\n<p>The video below provides a brief introduction&nbsp;to the Akan philosophy (a type of ethnophilosophy in Ghana) of <em>personhood<\/em> as an example of one ethnophilosophy in Africa. <\/p>\n\n\n\n<figure class=\"wp-block-embed is-type-video is-provider-youtube wp-block-embed-youtube wp-embed-aspect-16-9 wp-has-aspect-ratio\"><div class=\"wp-block-embed__wrapper\">\n<iframe loading=\"lazy\" title=\"What is Akan Philosophical Psychology? (African Personal Identity)\" width=\"800\" height=\"450\" src=\"https:\/\/www.youtube.com\/embed\/tPlWmj0qNBY?feature=oembed\" frameborder=\"0\" allow=\"accelerometer; autoplay; clipboard-write; encrypted-media; gyroscope; picture-in-picture\" allowfullscreen><\/iframe>\n<\/div><\/figure>\n\n\n\n<p><em>Philosophical sagacity<\/em> is a type of ethnophilosophy that centers on individuals, or <em>sages<\/em>, in a specific community. The premise of philosophical sagacity is based on the notion that most people are simply conforming to dominant norms, ideas, and practices without actually understanding them; and that only a few members in a community reach an in-depth level of knowledge and understanding of their culture&#8217;s worldviews. People with a deeper understanding are considered &#8216;sages,&#8217; and these sages serve as an authority on and teacher of the ethnophilosophy of a particular group. One example of philosophical sagacity is the work of Desmond Tutu and his teaching on <em>Ubuntu<\/em> which is a communitarian method of African philosophy that emphasizes mutualism in thought. The common expression of ubuntu is that &#8220;a person is a person through a person.&#8221; In the video below, Desmond Tutu explains the concept of Ubuntu. <\/p>\n\n\n\n<figure class=\"wp-block-embed is-type-video is-provider-youtube wp-block-embed-youtube wp-embed-aspect-4-3 wp-has-aspect-ratio\"><div class=\"wp-block-embed__wrapper\">\n<iframe loading=\"lazy\" title=\"Ubuntu: A  Brief Description\" width=\"800\" height=\"600\" src=\"https:\/\/www.youtube.com\/embed\/wg49mvZ2V5U?feature=oembed\" frameborder=\"0\" allow=\"accelerometer; autoplay; clipboard-write; encrypted-media; gyroscope; picture-in-picture\" allowfullscreen><\/iframe>\n<\/div><figcaption class=\"wp-element-caption\">For more information on the work of Tutu, visit the <a href=\"http:\/\/www.tutufoundationusa.org\/\" target=\"_blank\" rel=\"noreferrer noopener\">Desmond Tutu Peace Foundation<\/a>. <\/figcaption><\/figure>\n\n\n\n<p>In addition to African philosophy as a type of ethnophilosophy, <em>Africana philosophy<\/em> is a relatively new academic term that refers to philosophical contributions from all people of African descent both in and outside of Africa. Yet there are some challenges to a single category that encompasses the geographical, historical, socio-political, and cultural differences and complexities that have defined and continue to define the realities of life for the many persons and peoples identified as \u201cAfrican\u201d and \u201cof African descent.\u201d For some, the philosophy must have a racial focus to qualify as Africana because race is considered the defining dimension tying people of African descent throughout the world. Others, however, argue that Africana is a term of solidarity, and that Africana philosophy refers to analyses and critical engagement of and between African philosophers which is independent of racial considerations. Nonetheless, some of the notable topics explored by Africana philosophers include: pre-Socratic African philosophy and modern day debates discussing the early history of&nbsp;Western philosophy, post-colonial writing in Africa and the Americas, black resistance to oppression,&nbsp;black existentialism&nbsp;in the United States, and the meaning of &#8220;blackness&#8221; in the modern world. <\/p>\n\n\n\n<p>In addition to Africana philosophy, Islamic philosophy is also a significant ethnophilosophy emerging from cultural life in Islamic Africa. <em>Islamic Philosophy<\/em> refers to philosophical contributions emerging from the Quran as well as ancient and modern Muslim philosophers. Two terms generally used in the Islamic world are sometimes translated as philosophy\u2014falsafa (literally: &#8220;philosophy&#8221;), which refers to philosophy as well as&nbsp;logic,&nbsp;mathematics, and&nbsp;physics;&nbsp;and Kalam (literally &#8220;speech&#8221;), which refers to a rationalist form of Islamic theology. Islam has a long and rich history in Africa, and Africa has produced thinkers in the Islamic sciences, theology, law, and the traditions of Prophet Mu\u1e25ammad. Notable scholars include Mu\u1e25ammad b. T\u016bmart, \u02bfAbd al-Ra\u1e25m\u0101n b. Khald\u016bn (widely known as Ibn Khald\u016bn), Nana Asma\u2019u, Shaykh Saad Bouh, Shaykh A\u1e25madu Bamba, and others. These African Muslim thinkers developed a religious and political philosophy that challenge Muslims to seek knowledge as a way to develop greater consciousness.<\/p>\n\n\n\n<h6 class=\"wp-block-heading\">Nationalistic Ideological African Philosophy<\/h6>\n\n\n\n<p>The <a href=\"http:\/\/www.anthrocervone.org\/africanhumanities\/histories\/modern-world-system-development\/\" data-type=\"page\" data-id=\"89\">Independence and Nation-building<\/a> weblesson described how many African nationalists and revolutionaries reflected on colonial oppression and racial discrimination while studying in Europe and the United States. These African political thinkers developed unique perspectives on philosophical ideas such as consciencism, communalism, familyhood, negritude, humanism, nationhood, unification, socialism, and pan-Africanism, and they returned to Africa to instigate a renaissance of African philosophy based on African identity, African independence, the space of African people in history, and African contributions to humanity. These African political and economic philosophical developments coupled with anti-colonial movements had a tremendous effect on the development of a distinct modern African&nbsp;political philosophy&nbsp;that impacted social movements in Africa and in the African diaspora worldwide.  <\/p>\n\n\n\n<p>One well-known example of the economic philosophical works emerging from this period was the&nbsp;African socialist&nbsp;philosophy of&nbsp;<em>Ujamaa<\/em>&nbsp;in Tanzania and parts of&nbsp;Southeast Africa. Also known as the fourth principle of Kwanzaa, <em>Ujamaa<\/em>, is a Swahili word that means&nbsp;&#8216;cooperative economics,&#8217; and in practice it refers to &#8216;local people cooperating with each other to provide for the essentials of living,&#8217; and &#8220;to build and maintain our local stores, shops, and other businesses and to profit from them together.&#8221; The video below provides a brief overview of the role of Ujamaa in the social and economic&nbsp;development&nbsp;policies in&nbsp;Tanzania&nbsp;by the first president, &nbsp;Julius Nyerere, after gaining independence from Britain in 1961.&nbsp; <\/p>\n\n\n\n<figure class=\"wp-block-embed is-type-video is-provider-youtube wp-block-embed-youtube wp-embed-aspect-4-3 wp-has-aspect-ratio\"><div class=\"wp-block-embed__wrapper\">\n<iframe loading=\"lazy\" title=\"UJAMAA - THE AFRiCAN SOCiALiSM\" width=\"800\" height=\"600\" src=\"https:\/\/www.youtube.com\/embed\/WXjL-HHn_a8?feature=oembed\" frameborder=\"0\" allow=\"accelerometer; autoplay; clipboard-write; encrypted-media; gyroscope; picture-in-picture\" allowfullscreen><\/iframe>\n<\/div><figcaption class=\"wp-element-caption\">At 5:31 the video addresses the Arusha Declaration, a national economic development policy based on ujamaa that included the &#8216;vilagization&#8217; of production, which essentially collectivized all forms of local productive capacity. &nbsp;<\/figcaption><\/figure>\n\n\n\n<p>Today, the philosophy of Ujamma and cooperative economics informs contemporary racial  justice initiatives in the U.S. such as #BlackWallStreet, #BuyBlack, #BlackFriday, and #BankBlack. The philosophies that stimulated African independence movements continue to resonate with African youth challenging racism in society. Steve Biko&#8217;s philosophy on Black Consciousness during the anti-apartheid movement weighs in on the contemporary struggle for equal treatment in post-Apartheid South Africa. Biko and other leaders believed that it was important for black South Africans to take control of self destinies, rather than relying on white support to bring freedom. A core idea within the Black Consciousness Movement was the need for blacks to change mindsets in a way that liberates the one from ideas of inferiority that apartheid instilled within black Africans. Today, Biko&#8217;s philosophy of black consciousness continues to influences social justice movements such as Black Lives Matters in the U.S. To read one of Biko&#8217;s speeches on white racism and black consciousness, <a href=\"https:\/\/www.facinghistory.org\/confronting-apartheid\/chapter-3\/steve-biko-calls-black-consciousness#:~:text=The%20philosophy%20of%20Black%20Consciousness,mind%20of%20the%20oppressed%20.%20.%20.\" target=\"_blank\" rel=\"noreferrer noopener\">click here<\/a>. <\/p>\n\n\n\n<h6 class=\"wp-block-heading\">Professional African Philosophy and the Global Philosophical Community<\/h6>\n\n\n\n<p><em>Professional philosophy<\/em> in Africa generally refers to African philosophers&nbsp;that are schooled in European philosophical traditions and work with Western or European philosophical methods and concerns of philosophy. Professional scholars such as Abiodun Moses Jinadu argue that African philosophers must avoid considering African philosophy as a separate and distinct field that is culturally insulated and should instead recognize &#8216;a genuine and mutually symbiotic cultural interaction and exchange between the West and Africa given the reality of the globalization.&#8217; It is important to note, however, that professional African philosophers are not simply imitating or following European philosophical ideas, professional African philosophy engages with Western European philosophies through an African perspective.  One notable contributor to professional philosophy is&nbsp;Achille Mbembe. He interacts with a multitude of Western philosophical concepts such as  statehood, death, capital, racism, and colonialism, yet his work centers on moral and political arguments through a tone of morality. Many recent works by Mbembe, including&nbsp;<em>Critique of Black Reason<\/em>, suggest that understanding Europe as a force not at the center of the universe is a point from which philosophy and society should view the world. Mbembe asserts that he positions himself in multiple worlds of existence at one time.  <\/p>\n\n\n\n<p>Professional philosophy is situated as a long-standing tradition of interactions and engagements with the global philosophical community that dates from ancient Egyptian influences on Classical Greek philosophy  and into African contributions to European Enlightenment philosophy in the 17th and 18th centuries.  The video below provides a brief introduction to the influence of Ethiopian philosopher Zera Yacob on European thinkers such as Hume, Descartes, Locke, and Kant. <\/p>\n\n\n\n<figure class=\"wp-block-embed is-type-video is-provider-youtube wp-block-embed-youtube wp-embed-aspect-16-9 wp-has-aspect-ratio\"><div class=\"wp-block-embed__wrapper\">\n<iframe loading=\"lazy\" title=\"African Philosophy &amp; the Enlightenment | Philosophy Tube\" width=\"800\" height=\"450\" src=\"https:\/\/www.youtube.com\/embed\/KUicQL-Vz8c?feature=oembed\" frameborder=\"0\" allow=\"accelerometer; autoplay; clipboard-write; encrypted-media; gyroscope; picture-in-picture\" allowfullscreen><\/iframe>\n<\/div><\/figure>\n\n\n\n<h6 class=\"wp-block-heading\">Philosophy in African Studies<\/h6>\n\n\n\n<p>This lesson provides a very brief introduction to the different types of philosophies in Africa and the contributions of African philosophers worldwide.  African philosophy lends a voice to the unique perspectives and worldviews of African persons and people while at the same time contributing to global philosophical developments that lead to a better understanding of universal questions about the world&#8217;s phenomena, the purpose of human existence, the nature of the world, and the place of human beings in that world.  To learn more about philosophy in Africa, explore the resources below. <\/p>\n\n\n\n<h6 class=\"wp-block-heading\">References and Resources<\/h6>\n\n\n\n<ul>\n<li>Christian B. N. Gade,&nbsp;<a rel=\"noreferrer noopener\" href=\"https:\/\/www.amazon.com\/Discourse-African-Philosophy-Transitional-Perspectives\/dp\/1498512259\/ref=mt_hardcover?_encoding=UTF8&amp;me=\" target=\"_blank\"><em>A Discourse on African Philosophy: A New Perspective on<\/em>&nbsp;Ubuntu&nbsp;<em>and Transitional Justice in South Africa<\/em><\/a>&nbsp;(2017: Lexington Books)<\/li>\n\n\n\n<li>Edwin Etieyibo&nbsp;and Jonathon O. Chimakonam. \u201cAfrican Philosophy: Past, Present, and Future\u201d<\/li>\n\n\n\n<li><a rel=\"noreferrer noopener\" href=\"https:\/\/link.springer.com\/chapter\/10.1007\/978-3-030-45759-4_15\" target=\"_blank\">Sarr A. (2020) Islamic Philosophy in Africa. In: Ngom F., Kurfi M.H., Falola T. (eds) The Palgrave Handbook of Islam in Africa. Palgrave Macmillan, Cham. <\/a><\/li>\n\n\n\n<li>Dag Herbj\u00f8rnsrud,&nbsp;<a rel=\"noreferrer noopener\" href=\"https:\/\/aeon.co\/essays\/yacob-and-amo-africas-precursors-to-locke-hume-and-kant\" target=\"_blank\"><em>The African Enlightenment<\/em><\/a>.&nbsp;Aeon, December 2017<\/li>\n\n\n\n<li>Samuel Oluoch Imbo,&nbsp;<em>An Introduction to African Philosophy<\/em>&nbsp;(1998: Rowman &amp; Littlefield)&nbsp;<\/li>\n\n\n\n<li>Bruce B. Janz,&nbsp;<a rel=\"noreferrer noopener\" href=\"https:\/\/web.archive.org\/web\/20060526060828\/http:\/\/pegasus.cc.ucf.edu\/~janzb\/papers\/37AfPhil.pdf\" target=\"_blank\"><em>African Philosophy<\/em><\/a>&nbsp;(PDF)<\/li>\n\n\n\n<li>Jonathan O. Chimakonam,&nbsp;<a href=\"http:\/\/www.iep.utm.edu\/afric-hi\">History of African Philosophy<\/a>&nbsp;in the&nbsp;Internet Encyclopedia of Philosophy<\/li>\n\n\n\n<li>Gail M. Presbey,&nbsp;<a href=\"http:\/\/www.iep.utm.edu\/afr-sage\">African Sage Philosophy<\/a>&nbsp;in the&nbsp;Internet Encyclopedia of Philosophy<\/li>\n\n\n\n<li>Lucius T. Outlaw Jr.&nbsp;<a href=\"https:\/\/plato.stanford.edu\/entries\/africana\/\">&#8220;Africana Philosophy&#8221;<\/a>. In&nbsp;Zalta, Edward N.&nbsp;(ed.).&nbsp;<em>Stanford Encyclopedia of Philosophy<\/em>.<\/li>\n\n\n\n<li><a rel=\"noreferrer noopener\" href=\"http:\/\/igwebuikepedia.info\/\" target=\"_blank\">Igwebuikepedia: Internet Encyclopedia of African Philosophy<\/a><\/li>\n\n\n\n<li><a rel=\"noreferrer noopener\" href=\"https:\/\/web.archive.org\/web\/20120314013212\/http:\/\/www.ascleiden.nl\/Library\/Webdossiers\/AfricanPhilosophy.aspx\" target=\"_blank\">African Philosophy<\/a>&nbsp;\u2014&nbsp;African Studies Centre<\/li>\n\n\n\n<li><a rel=\"noreferrer noopener\" href=\"https:\/\/plato.stanford.edu\/entries\/africana\/\" target=\"_blank\">Africana Philosophy &#8211; Stanford Encyclopedia of Philosophy<\/a><\/li>\n\n\n\n<li><a rel=\"noreferrer noopener\" href=\"https:\/\/historyofphilosophy.net\/africana-philosophy\" target=\"_blank\">Africana Philosophy series<\/a>&nbsp;of the&nbsp;History of Philosophy without any gaps&nbsp;podcast<\/li>\n\n\n\n<li>Joseph I. Omoregbe,&nbsp;<em>African philosophy: yesterday and today<\/em>&nbsp;(in Bodunrin; references to reprint in [E. C. Eze] [ed.]&nbsp;<em>African Philosophy: An Anthology<\/em>&nbsp;(1998: Oxford, Blackwell)<\/li>\n\n\n\n<li>Tsenay Serequeberhan (ed.),&nbsp;<em>African Philosophy: The Essential Readings<\/em>&nbsp;(1991: Paragon House)&nbsp;ISBN&nbsp;1-55778-309-8<\/li>\n\n\n\n<li>Kwasi Wiredu (ed.),&nbsp;<em>A Companion to African Philosophy<\/em>&nbsp;(2004: Blackwell)<\/li>\n\n\n\n<li>Kwasi Wiredu&nbsp;<a href=\"https:\/\/web.archive.org\/web\/20070219182221\/http:\/\/web.africa.ufl.edu\/asq\/v1\/4\/3.htm\" target=\"_blank\" rel=\"noreferrer noopener\"><em>Toward Decolonizing African Philosophy And Religion<\/em>&nbsp;In: African Studies Quarterly, The Online Journal for African Studies, Volume 1, Issue 4, 1998<\/a><\/li>\n\n\n\n<li>Olabiyi Babalola Yai, (Guest Editor),&nbsp;<a rel=\"noreferrer noopener\" href=\"https:\/\/web.archive.org\/web\/20070622063808\/http:\/\/web.africa.ufl.edu\/asq\/v1\/v1_i4.htm\" target=\"_blank\"><em>African Studies Quarterly<\/em>, Volume 1, Issue 4 (1998):&nbsp;<em>Religion and Philosophy in Africa<\/em><\/a><\/li>\n\n\n\n<li>K.C. Anyanwu (and E.A. Ruch),&nbsp;<em>African Philosophy: An Introduction<\/em>, Catholic Book Agency 1981<\/li>\n\n\n\n<li>Peter O. Bodunrin,&nbsp;<em>Philosophy in Africa: Trends and Perspectives<\/em>&nbsp;(1985: University of Ife Press)<\/li>\n\n\n\n<li>Safro Kwame,&nbsp;<em>Reading in African Philosophy: An Akan Collection<\/em>&nbsp;(1995: University Press of America)&nbsp;ISBN&nbsp;0-8191-9911-7<\/li>\n\n\n\n<li><a rel=\"noreferrer noopener\" href=\"https:\/\/journals.sagepub.com\/doi\/full\/10.1177\/2158244017700678\" target=\"_blank\">Nwosimiri O. Do the Works of the Nationalist\u2013Ideological Philosophers Undermine Hume\u2019s and Kant\u2019s Ideas About Race?&nbsp;<em>SAGE Open<\/em>. January 2017.&nbsp;<\/a><\/li>\n\n\n\n<li><a rel=\"noreferrer noopener\" href=\"https:\/\/www.academicresearchjournals.org\/IJPSD\/PDF\/2014\/September\/JINADU.pdf\" target=\"_blank\">Jinadu AM (2014). Rethinking the comparison between African and Western Philosophies. Inter. J. Polit. Sci. Develop. 2(8): 180-187.<\/a><\/li>\n<\/ul>\n\n\n\n<h6 class=\"wp-block-heading\">For Discussion  in Canvas<\/h6>\n\n\n\n<p>Provide a (minimum) brief synopsis of an African philosophical perspective and provide a reference citing your information. Key words to consider: ubuntu, ujamaa, black consciousness, consciencism, communalism, familyhood, negritude, humanism, nationhood, unification, socialism, Rastafarian philosophy, or pan-Africanism. Feel free to use the resources listed in this weblesson. <\/p>\n\n\n\n<p>Evaluate the perspective in approximately 100-words; In what ways can the philosophical work be considered distinctly &#8216;African&#8217;?  In what ways does the work contribute to universal philosophical questions about the world&#8217;s phenomena, the purpose of human existence, the nature of the world, and\/or the place of human beings in that world? Respond to at least two other student posts to receive credit.<\/p>\n\n\n\n<h6 class=\"wp-block-heading\">When you complete this lesson, move on to the <a href=\"http:\/\/www.anthrocervone.org\/africanhumanities\/culture-society-2\/environment-conservation-indigenous-people\/\" data-type=\"page\" data-id=\"104\">Environment and Education<\/a> lesson. <\/h6>\n\n\n\n<p>  <\/p>\n","protected":false},"excerpt":{"rendered":"<p>African philosophy has a rich history spanning from the earliest known philosophers in Egypt to the political philosophers that fueled<\/p>\n","protected":false},"author":1,"featured_media":0,"parent":435,"menu_order":8,"comment_status":"closed","ping_status":"closed","template":"","meta":[],"_links":{"self":[{"href":"https:\/\/www.anthrocervone.org\/africanhumanities\/wp-json\/wp\/v2\/pages\/2117"}],"collection":[{"href":"https:\/\/www.anthrocervone.org\/africanhumanities\/wp-json\/wp\/v2\/pages"}],"about":[{"href":"https:\/\/www.anthrocervone.org\/africanhumanities\/wp-json\/wp\/v2\/types\/page"}],"author":[{"embeddable":true,"href":"https:\/\/www.anthrocervone.org\/africanhumanities\/wp-json\/wp\/v2\/users\/1"}],"replies":[{"embeddable":true,"href":"https:\/\/www.anthrocervone.org\/africanhumanities\/wp-json\/wp\/v2\/comments?post=2117"}],"version-history":[{"count":10,"href":"https:\/\/www.anthrocervone.org\/africanhumanities\/wp-json\/wp\/v2\/pages\/2117\/revisions"}],"predecessor-version":[{"id":2647,"href":"https:\/\/www.anthrocervone.org\/africanhumanities\/wp-json\/wp\/v2\/pages\/2117\/revisions\/2647"}],"up":[{"embeddable":true,"href":"https:\/\/www.anthrocervone.org\/africanhumanities\/wp-json\/wp\/v2\/pages\/435"}],"wp:attachment":[{"href":"https:\/\/www.anthrocervone.org\/africanhumanities\/wp-json\/wp\/v2\/media?parent=2117"}],"curies":[{"name":"wp","href":"https:\/\/api.w.org\/{rel}","templated":true}]}}