{"id":2208,"date":"2021-02-16T20:32:15","date_gmt":"2021-02-16T20:32:15","guid":{"rendered":"http:\/\/www.anthrocervone.org\/africanhumanities\/?page_id=2208"},"modified":"2023-05-23T17:06:55","modified_gmt":"2023-05-23T17:06:55","slug":"africa-in-latin-america","status":"publish","type":"page","link":"https:\/\/www.anthrocervone.org\/africanhumanities\/globalization\/africa-in-latin-america\/","title":{"rendered":"Africa in Latin America"},"content":{"rendered":"\n<p>African people and cultures have a strong influence in the social, cultural and religious fabric throughout many parts of Latin America and the Caribbean. this is particularly the case in areas where a large number of enslaved African people were brought by Spanish and Portuguese conquistadors to work in plantations. This lesson will provide a very brief introduction of African cultural survivals in the United States.<\/p>\n\n\n\n<h6 class=\"wp-block-heading\">Lesson Objectives<\/h6>\n\n\n\n<ul>\n<li>describe the history of African culture and people in Latin America and the Caribbean<\/li>\n\n\n\n<li>recognize the influences and contributions of African culture and people in Latin American culture<\/li>\n\n\n\n<li>evaluate an African cultural survival in contemporary Latin America<\/li>\n<\/ul>\n\n\n\n<h6 class=\"wp-block-heading\">Africa and Latin America: legacy of enslavement<\/h6>\n\n\n<div class=\"wp-block-image\">\n<figure class=\"alignright size-large is-resized\"><a href=\"http:\/\/www.anthrocervone.org\/africanhumanities\/wp-content\/uploads\/2021\/09\/19068-1.jpeg\"><img decoding=\"async\" loading=\"lazy\" src=\"http:\/\/www.anthrocervone.org\/africanhumanities\/wp-content\/uploads\/2021\/09\/19068-1-1024x1024.jpeg\" alt=\"\" class=\"wp-image-2527\" width=\"-738\" height=\"-738\" srcset=\"https:\/\/www.anthrocervone.org\/africanhumanities\/wp-content\/uploads\/2021\/09\/19068-1-1024x1024.jpeg 1024w, https:\/\/www.anthrocervone.org\/africanhumanities\/wp-content\/uploads\/2021\/09\/19068-1-300x300.jpeg 300w, https:\/\/www.anthrocervone.org\/africanhumanities\/wp-content\/uploads\/2021\/09\/19068-1-150x150.jpeg 150w, https:\/\/www.anthrocervone.org\/africanhumanities\/wp-content\/uploads\/2021\/09\/19068-1-768x768.jpeg 768w, https:\/\/www.anthrocervone.org\/africanhumanities\/wp-content\/uploads\/2021\/09\/19068-1-400x400.jpeg 400w, https:\/\/www.anthrocervone.org\/africanhumanities\/wp-content\/uploads\/2021\/09\/19068-1.jpeg 1200w\" sizes=\"(max-width: 1024px) 100vw, 1024px\" \/><\/a><\/figure><\/div>\n\n\n<p>The vast majority of enslaved African people were taken to Latin America and the Caribbean by Spanish and Portuguese conquistadors, and a vast majority of enslaved Africans were taken to Brazil. During that time, enslaved Africans represented the majority of the population in many areas throughout Latin America, and especially in Brazil. <\/p>\n\n\n\n<p>As Catholic monarchies, both Spain and Portugal received permission from Pope Alexander VI to engage in the perpetual enslavement of African people within their respective colonies, and colonization included Catholic missions by Jesuits and clergy. Although the Catholic church viewed colonization and enslavement as an opportunity to convert a large population of people to Christianity, the clergy sent to the colonies were often horrified by the methods used by the colonizers and this generated tensions between the Church and the colonial administrations. The second Archbishop of Mexico (1551\u201372), the Dominican&nbsp;Alonso de Mont\u00fafar, wrote to the king in 1560 protesting the importation of Africans, and questioning the &#8220;justness&#8221; of enslavement.&nbsp;Tom\u00e1s de Mercado, a theologian and economist who had lived in Mexico, produced the 1571 <em>Summa de Tratos y Contratos<\/em> (&#8220;Manual of Deals and Contracts&#8221;) a scathing critique about the morality of the enslavement of Africans. Nonetheless, the enslavement of African people took place in the Americas for nearly four centuries.<\/p>\n\n\n<div class=\"wp-block-image\">\n<figure class=\"alignright size-large is-resized\"><a href=\"http:\/\/www.anthrocervone.org\/africanhumanities\/wp-content\/uploads\/2021\/09\/918eyvG7MAL.jpg\"><img decoding=\"async\" loading=\"lazy\" src=\"http:\/\/www.anthrocervone.org\/africanhumanities\/wp-content\/uploads\/2021\/09\/918eyvG7MAL-632x1024.jpg\" alt=\"\" class=\"wp-image-2519\" width=\"-389\" height=\"-631\" srcset=\"https:\/\/www.anthrocervone.org\/africanhumanities\/wp-content\/uploads\/2021\/09\/918eyvG7MAL-632x1024.jpg 632w, https:\/\/www.anthrocervone.org\/africanhumanities\/wp-content\/uploads\/2021\/09\/918eyvG7MAL-185x300.jpg 185w, https:\/\/www.anthrocervone.org\/africanhumanities\/wp-content\/uploads\/2021\/09\/918eyvG7MAL-768x1245.jpg 768w, https:\/\/www.anthrocervone.org\/africanhumanities\/wp-content\/uploads\/2021\/09\/918eyvG7MAL-947x1536.jpg 947w, https:\/\/www.anthrocervone.org\/africanhumanities\/wp-content\/uploads\/2021\/09\/918eyvG7MAL-1263x2048.jpg 1263w, https:\/\/www.anthrocervone.org\/africanhumanities\/wp-content\/uploads\/2021\/09\/918eyvG7MAL.jpg 1579w\" sizes=\"(max-width: 632px) 100vw, 632px\" \/><\/a><\/figure><\/div>\n\n\n<p>More than seventy percent of enslaved Africans in Latin America worked on sugar cane plantations. Like North America, the vast majority of enslaved people were men used to conduct physical agricultural labor and to work as carpenters, blacksmiths, mule drivers, etc. In some cases, men were recruited to work in plantation militias.<\/p>\n\n\n\n<p>Unlike the case in North America, Spanish and Portuguese colonizers were able to successfully enslave indigenous people because Mayan and Aztec civilizations had a system of enslavement in place. The\u00a0Spanish <em>encomienda<\/em>\u00a0system of forced or tenured labor legalized and regulated a system of forced Indian labor. However, many leaders such as Rodrigo de Albornoz who was sent to Latin America as an official, advocated advocated against the enslavement of indigenous people and argued in favor of African labor. This pressure to end of slavery and forced labor among the indigenous Indians worked to increase the demand for African slaves in Latin America. In some cases, African and indigenous groups worked together in mines or on plantations, and in other cases, Africans took refuge in indigenous communities after escaping slavery. Close contact led to the blending of two cultures, and many people today are of mixed African and indigenous descent. <\/p>\n\n\n\n<p><\/p>\n\n\n\n<p><\/p>\n\n\n\n<h6 class=\"wp-block-heading\">African Cultural Communities in Latin America and the Caribbean<\/h6>\n\n\n\n<p>The African presence in Latin America had an effect on the culture across Latin America. Latin American and Caribbean countries with significant African, Mulatto, or Zambo populations today include Brazil (54 million),&nbsp;Haiti&nbsp;(8.7&nbsp;million),&nbsp;Dominican Republic&nbsp;(8.5 million),&nbsp;Cuba&nbsp;(7 million), Colombia (5 million), Venezuela (4 million) and&nbsp;Ecuador&nbsp;(1.1 million). As of 2015, Mexico and Chile are the only two Latin American countries yet to formally recognize their Afro\u2013Latin American population in their constitutions.<\/p>\n\n\n\n<h6 class=\"wp-block-heading\"><em>Gar\u00edfuna<\/em>&nbsp;(in&nbsp;Nicaragua,&nbsp;Honduras,&nbsp;Guatemala, and&nbsp;Belize)&nbsp;<\/h6>\n\n\n\n<p>The <em>Garifuna <\/em>people, also known as <em>Garinagu<\/em> and &#8216;Black Caribs,&#8217;&nbsp;are of mixed African and indigenous Kalinago-Taino (Carib-Arawak) origin from the Caribbean island of St Vincent who were exiled to the Honduran coast in the eighteenth century and subsequently moved to Belize. They are the descendants of the African survivors of human cargo ships that were wrecked off the island of St Vincent around 1675. These West Africans, along with the steady stream of Maroons escaping slavery on other Caribbean islands, found refuge and started&nbsp;families with the indigenous Kalinago (Carib) population. An Afro-indigenous culture developed that existed independently of the region\u2019s colonial forced labor plantation system. The Garifuna together with the indigenous Kalinago created a formidable fighting force that resisted European colonizing efforts in the region for over a century, forcing both the British and French to recognize St Vincent as one of several \u2018Neutral Islands\u2019 (See Dominica and Saint Vincent.) Conflict between the British and the Black or Fighting Caribs, led by defiant Paramount Chief Joseph Chatoyer (Satuye) continued until 1796, when improved British armaments forced them to accept permanent exile as prisoners of war. In April 1797, over 5,000 \u2018Black Caribs\u2019 (Garifuna) were transported on British ships and abandoned on the deserted Honduran Bay Island of Roatan. Many later moved to the mainland of Honduras and became allied with Spain and later fought with Spain against British pirates and military attacks. They also took the Royalist side in the Central American Independence wars against Spain and as a result became a highly marginalized population in post-independence Honduras.&nbsp;The Garifuna in Belize now have six communities which have taken a leadership role in maintaining global Garifuna culture, and leaders influenced the government to declare November 19<sup>th<\/sup>&nbsp;as Settlement Day in Belize to mark the arrival of Garifuna in the country. This celebration includes reenactments of the landing of the first Garifuna boats in Belize. These are performed in various urban areas and include performances by cultural drummers and dancers and the sale of traditional foods. The Yurumein video trailer below, presents a documentary about the struggle to maintain Garifuna culture today. <\/p>\n\n\n\n<figure class=\"wp-block-embed is-type-video is-provider-youtube wp-block-embed-youtube wp-embed-aspect-4-3 wp-has-aspect-ratio\"><div class=\"wp-block-embed__wrapper\">\n<iframe loading=\"lazy\" title=\"YURUMEIN Film Trailer\" width=\"800\" height=\"600\" src=\"https:\/\/www.youtube.com\/embed\/3KCZAyKSN2c?feature=oembed\" frameborder=\"0\" allow=\"accelerometer; autoplay; clipboard-write; encrypted-media; gyroscope; picture-in-picture; web-share\" allowfullscreen><\/iframe>\n<\/div><\/figure>\n\n\n\n<h6 class=\"wp-block-heading\"><em>cafuzo<\/em>&nbsp;(in&nbsp;Brazil) and <\/h6>\n\n\n\n<p><strong>cafuzo<\/strong>&nbsp;<\/p>\n\n\n\n<p><em>zambo<\/em>&nbsp;in the&nbsp;Andes&nbsp;and&nbsp;Central America.&nbsp;<\/p>\n\n\n\n<p><strong>Zambo<\/strong>&nbsp;is a racial term historically used in Spanish&nbsp;to&nbsp;refer to people of mixed Indigenous and African ancestry. Occasionally in the 21st century, the term is used in the Americas to refer to persons who are of mixed&nbsp;Black&nbsp;and&nbsp;Indigenous American&nbsp;ancestry. (It is important to note that the analogous English term,&nbsp;<em>sambo<\/em>, is considered a slur.) Historically, the racial cross between&nbsp;enslaved Africans&nbsp;and Amerindians was referred to as a&nbsp;<em>zambayga<\/em>, then&nbsp;<em>zambo<\/em>, then&nbsp;<em>sambo<\/em>.<\/p>\n\n\n\n<p>Marabou&nbsp;is a term of Haitian origin denoting a Haitian of multiracial ethnicity.<\/p>\n\n\n\n<p>Afro-Mexican<\/p>\n\n\n\n<p>The mix of these African cultures with the Spanish, Portuguese, French, and indigenous cultures of Latin America has produced many unique forms of&nbsp;<\/p>\n\n\n\n<p><\/p>\n\n\n\n<p>language&nbsp;(e.g.,&nbsp;Palenquero,&nbsp;Gar\u00edfuna, and&nbsp;Creole),&nbsp;religions&nbsp;(e.g.,&nbsp;Candombl\u00e9,&nbsp;Santer\u00eda, and&nbsp;Vodou),&nbsp;music&nbsp;(e.g.,&nbsp;kompa,&nbsp;salsa,&nbsp;Bachata,&nbsp;Punta,&nbsp;Palo de Mayo,&nbsp;plena,&nbsp;samba,&nbsp;merengue,&nbsp;cumbia) martial arts (capoeira) and&nbsp;dance&nbsp;(rumba,&nbsp;merengue).<\/p>\n\n\n\n<p><\/p>\n\n\n\n<p>African Cultural Survivals in Latin America<\/p>\n\n\n\n<p><\/p>\n\n\n\n<h6 class=\"wp-block-heading\">References and Resources<\/h6>\n\n\n\n<ul>\n<li>Restall, Matthew, and Jane Landers, &#8220;The African Experience in Early Spanish America,&#8221;&nbsp;<em>The Americas<\/em>&nbsp;57, no. 2 (2000) 167-70.<\/li>\n\n\n\n<li>Fuente, Alejandro de la. &#8220;From Slaves to Citizens? Tannenbaum and the Debates on Slavery, Emancipation, and Race Relations in Latin America,&#8221;&nbsp;<em>International Labor and Working-Class History<\/em>&nbsp;77 no. 1 (2010) 154-73.<\/li>\n\n\n\n<li>Landers, Jane and Barry Robinson, eds.&nbsp;<em>Slaves, Subjects, and Subversives: Blacks in Colonial Latin America<\/em>. Albuquerque: University of New Mexico Press 2006.<\/li>\n\n\n\n<li><a rel=\"noreferrer noopener\" href=\"https:\/\/www.worldcat.org\/title\/black-history-africa-the-caribbean-and-the-americas\/oclc\/467763870\/editions?referer=di&amp;editionsView=true\" target=\"_blank\">Sadler et al. Black History: Africa, the Caribbean, and the Americas. Learning Institute.<\/a><\/li>\n\n\n\n<li><a rel=\"noreferrer noopener\" href=\"https:\/\/www.researchgate.net\/publication\/258929255_Africa_and_the_Caribbean_Overview\" target=\"_blank\">Hidalgo, Dennis. 2012. Africa and the Caribbean: Overview. Virginia Polytechnic Institute.<\/a><\/li>\n\n\n\n<li>Flusche, Della and Eugene H. Korth.&nbsp;<em>Forgotten Females: Women of African and Indian Descent in Colonial Chile, 1535-1800<\/em>. Detroit: B.Ethridge 1983. <\/li>\n\n\n\n<li><a rel=\"noreferrer noopener\" href=\"http:\/\/www.latinamericanstudies.org\/afro-latinamericans.htm\" target=\"_blank\">The African Heritage in Latin America Resource Archive<\/a><\/li>\n\n\n\n<li><a rel=\"noreferrer noopener\" href=\"https:\/\/liberalarts.utexas.edu\/hemispheres\/curriculum\/slavery.php\" target=\"_blank\">Africa Enslaved, University of Texas-Austin<\/a><\/li>\n\n\n\n<li>Carroll, Patrick J.&nbsp;<em>Blacks in Colonial Veracruz: Race, Ethnicity, and Regional Development<\/em>. Austin: University of Texas Press 1991.<\/li>\n\n\n\n<li>Louis Gates, Henry. Black in Latin America. PBS series\n<ul>\n<li><a rel=\"noreferrer noopener\" href=\"https:\/\/www.youtube.com\/watch?v=xM4peCMVac0\" target=\"_blank\">Haiti and Dominican Republic: Island Divided<\/a><\/li>\n\n\n\n<li><a rel=\"noreferrer noopener\" href=\"https:\/\/www.youtube.com\/watch?v=Gh7c46U5hhY\" target=\"_blank\">Brazil: A racial paradise<\/a><\/li>\n\n\n\n<li><a rel=\"noreferrer noopener\" href=\"https:\/\/www.youtube.com\/watch?v=Ufut6qxt1ro\" target=\"_blank\">Mexico and Peru: The Black Grandma in the Closet<\/a><\/li>\n\n\n\n<li><a rel=\"noreferrer noopener\" href=\"The Next Revolution\" target=\"_blank\">Cuba: The Next Revolution<\/a><\/li>\n<\/ul>\n<\/li>\n\n\n\n<li><a rel=\"noreferrer noopener\" href=\"https:\/\/www.archives.gov\/files\/publications\/prologue\/2013\/fall-winter\/west-indies.pdf\" target=\"_blank\">Davis, Damani. Ancestors from the WEST INDIES: A Historical and Genealogical Overview of Afro-Caribbean Immigration, 1900\u20131930s<\/a><\/li>\n\n\n\n<li>Bennett, Herman Lee.&nbsp;<em>Africans in Colonial Mexico<\/em>. Bloomington: Indiana University Press 2005.<\/li>\n\n\n\n<li>Bowser, Frederick.&nbsp;<em>The African Slave in Colonial Peru, 1524-1650<\/em>. Stanford: Stanford University Press 1974.<\/li>\n\n\n\n<li>Mart\u00ednez, Mar\u00eda Elena. &#8220;The Black Blood of New Spain: Limpieza de Sangre, Racial Violence, and Gendered Power in Early Colonial Mexico,&#8221;&nbsp;<em>William and Mary Quarterly<\/em>&nbsp;61, no. 3 (July 2004), 479-520.<\/li>\n\n\n\n<li>Palmer, Colin.&nbsp;<em>Human Cargoes: The British Slave Trade to Spanish America, 1700-1739<\/em>. Urbana: University of Illinois Press 1981.<\/li>\n\n\n\n<li>Vinson, Ben, III and Matthew Restall, eds.&nbsp;<em>Black Mexico: Race and Society from Colonial to Modern Times<\/em>. Albuquerque: University of New Mexico Press 2009.<\/li>\n\n\n\n<li><a href=\"https:\/\/youtu.be\/FI7HbEjMucw\" target=\"_blank\" rel=\"noreferrer noopener\">Garifuna Cassava Bread video<\/a><\/li>\n<\/ul>\n\n\n\n<h6 class=\"wp-block-heading\"><\/h6>\n","protected":false},"excerpt":{"rendered":"<p>African people and cultures have a strong influence in the social, cultural and religious fabric throughout many parts of Latin<\/p>\n","protected":false},"author":1,"featured_media":0,"parent":24,"menu_order":2,"comment_status":"closed","ping_status":"closed","template":"","meta":[],"_links":{"self":[{"href":"https:\/\/www.anthrocervone.org\/africanhumanities\/wp-json\/wp\/v2\/pages\/2208"}],"collection":[{"href":"https:\/\/www.anthrocervone.org\/africanhumanities\/wp-json\/wp\/v2\/pages"}],"about":[{"href":"https:\/\/www.anthrocervone.org\/africanhumanities\/wp-json\/wp\/v2\/types\/page"}],"author":[{"embeddable":true,"href":"https:\/\/www.anthrocervone.org\/africanhumanities\/wp-json\/wp\/v2\/users\/1"}],"replies":[{"embeddable":true,"href":"https:\/\/www.anthrocervone.org\/africanhumanities\/wp-json\/wp\/v2\/comments?post=2208"}],"version-history":[{"count":9,"href":"https:\/\/www.anthrocervone.org\/africanhumanities\/wp-json\/wp\/v2\/pages\/2208\/revisions"}],"predecessor-version":[{"id":2655,"href":"https:\/\/www.anthrocervone.org\/africanhumanities\/wp-json\/wp\/v2\/pages\/2208\/revisions\/2655"}],"up":[{"embeddable":true,"href":"https:\/\/www.anthrocervone.org\/africanhumanities\/wp-json\/wp\/v2\/pages\/24"}],"wp:attachment":[{"href":"https:\/\/www.anthrocervone.org\/africanhumanities\/wp-json\/wp\/v2\/media?parent=2208"}],"curies":[{"name":"wp","href":"https:\/\/api.w.org\/{rel}","templated":true}]}}