{"id":2321,"date":"2021-03-18T17:34:21","date_gmt":"2021-03-18T17:34:21","guid":{"rendered":"http:\/\/www.anthrocervone.org\/africanhumanities\/?page_id=2321"},"modified":"2023-05-23T17:02:27","modified_gmt":"2023-05-23T17:02:27","slug":"africa-in-europe","status":"publish","type":"page","link":"https:\/\/www.anthrocervone.org\/africanhumanities\/globalization\/africa-in-europe\/","title":{"rendered":"Africa in Europe"},"content":{"rendered":"<div class=\"wp-block-image is-style-rounded\">\n<figure class=\"alignright is-resized\"><img decoding=\"async\" loading=\"lazy\" src=\"https:\/\/images-wixmp-ed30a86b8c4ca887773594c2.wixmp.com\/f\/d2303bf4-edc3-4a93-94f3-9e20505f07ca\/d90thih-6526cdba-67da-4e70-a673-5851866a09ad.png?token=eyJ0eXAiOiJKV1QiLCJhbGciOiJIUzI1NiJ9.eyJzdWIiOiJ1cm46YXBwOjdlMGQxODg5ODIyNjQzNzNhNWYwZDQxNWVhMGQyNmUwIiwiaXNzIjoidXJuOmFwcDo3ZTBkMTg4OTgyMjY0MzczYTVmMGQ0MTVlYTBkMjZlMCIsIm9iaiI6W1t7InBhdGgiOiJcL2ZcL2QyMzAzYmY0LWVkYzMtNGE5My05NGYzLTllMjA1MDVmMDdjYVwvZDkwdGhpaC02NTI2Y2RiYS02N2RhLTRlNzAtYTY3My01ODUxODY2YTA5YWQucG5nIn1dXSwiYXVkIjpbInVybjpzZXJ2aWNlOmZpbGUuZG93bmxvYWQiXX0.qzlqSJdfHNo_SQlXkDkQptBJWPmXFGIBtNcTEparRuM\" alt=\"Map of Europe and North Africa by Marauder-M on DeviantArt\" width=\"321\" height=\"175\"\/><\/figure><\/div>\n\n\n<p>The histories of Europe and Africa are intertwined. The peoples and cultures in Africa and Europe have had a long-standing and close relationship spanning from early human activity and ancient trade systems to the expansion of massive empires and contemporary economic, cultural and social exchanges today. This lesson will provide a brief introduction to African influences in Europe from antiquity to the present. <\/p>\n\n\n\n<h6 class=\"wp-block-heading\">Lesson Objectives <\/h6>\n\n\n\n<ul>\n<li>describe the social and historical contexts of the terms &#8216;Euro-African,&#8217; &#8216;Afro-European,&#8217; and &#8216;Africa-Europe\/Europe Africa&#8217;<\/li>\n\n\n\n<li>recognize African contributions to Europe from prehistory to present<\/li>\n\n\n\n<li>evaluate an Afro-European community in Europe<\/li>\n\n\n\n<li>present an African cultural survival in Europe<\/li>\n<\/ul>\n\n\n\n<blockquote class=\"wp-block-quote\">\n<p><strong>The presence of people of African descent in Europe is generally viewed through the prism of slavery and colonization, obscuring a much older shared history.&nbsp;<\/strong><\/p>\n<cite>Olivette Otele<\/cite><\/blockquote>\n\n\n\n<h6 class=\"wp-block-heading\">\u201cEuro-African\u201d, \u201cAfro-European\u201d and \u201cAfrica\u2013Europe\/Europe\u2013Africa\u201d <\/h6>\n\n\n\n<p>Africa and Europe have always shared commonalities and mutual borrowings through a network of exchanges that has been obfuscated by racial and ethnic radicalism for a very long time. \u201cEuro-African\u201d, \u201cAfro-European\u201d and \u201cAfrica\u2013Europe\/Europe\u2013Africa\u201d are terms that define different approaches and perspectives on the cultural, economic and political encounters occurring and have occurred between the two continents. In general, <em>Euro-African<\/em> and <em>Afro-European<\/em> are understood as heritage created as a result of contacts between the two continents. Euro-African puts the accent on aspects with greater European imprint than African; Afro-European highlights experiences that privilege African imprints over European; and <em>Africa\u2013Europe\/Europe\u2013Africa<\/em> addresses the cultural experiences of the two continents, whose word order indicates the predominant version of each narrative. This is important because the construction of Europe has relied on close exchanges with Africa from early human migrations, trade between African and European civilizations and empires, colonization of Africa by Europe, and post-colonial interactions in cultural, economic, and political spheres today. <\/p>\n\n\n\n<h6 class=\"wp-block-heading\">Course Review: African-European Histories from Antiquity to Present<\/h6>\n\n\n\n<p>The history lessons included in the first half of this course touched on the longstanding relationship between the peoples and cultures of Africa and Europe from prehistory into the present, and they explored the many ways Africa has shaped and continues to shape the European experience. The <a href=\"http:\/\/www.anthrocervone.org\/africanhumanities\/histories\/prehistory-to-empires\/\" data-type=\"page\" data-id=\"81\">Pre-history to Empires<\/a> lesson introduced the earliest impacts of African influence on the European continent with the arrival of <em>Homo sapiens<\/em>, or modern  humans, out of Africa and into Europe approximately 45,000 years ago. The lesson attests to close trade relationships between European and African empires from interactions with Greece and Rome through antiquity to the European conquest of Asia and the Americas by highlighting contributions of Africa in European expansion such as the role of African leaders and soldiers in Roman territories throughout Europe. The lesson continues to show the extensive economic, social, cultural and biological exchanges between Europe and Africa through historical migrations, trade routes, and globalizing networks. The <a href=\"http:\/\/www.anthrocervone.org\/africanhumanities\/histories\/african-european-relations\/\" data-type=\"page\" data-id=\"83\">African-European Relations before 1900<\/a> emphasized close trade relations between African and European empires, and the integral role trade with Africa played in European expansion into the Americas. The <a href=\"http:\/\/www.anthrocervone.org\/africanhumanities\/histories\/colonialism\/\" data-type=\"page\" data-id=\"87\">Colonialism<\/a> and <a href=\"http:\/\/www.anthrocervone.org\/africanhumanities\/histories\/modern-world-system-development\/\" data-type=\"page\" data-id=\"89\">Independence<\/a> lessons introduced the enlistment of African soldiers, voluntary and involuntary, in European wars and the outcomes of their participation.<\/p>\n\n\n\n<h6 class=\"wp-block-heading\">African Europe<\/h6>\n\n\n\n<p>People of African heritage have contributed greatly to Europe\u2019s music, literature and more. But their achievements have long been overlooked. Olivette&nbsp;Otele traces a long African European heritage through the lives of individuals both ordinary and extraordinary. She uncovers a forgotten past, from Emperor Septimius Severus, to enslaved Africans living in Europe during the Renaissance, and all the way to present-day migrants moving to Europe\u2019s cities.&nbsp;By exploring a history that has been long overlooked, she sheds light on questions very much alive today\u2014on racism, identity, citizenship, power and resilience.<\/p>\n\n\n\n<figure class=\"wp-block-embed is-type-video is-provider-youtube wp-block-embed-youtube wp-embed-aspect-16-9 wp-has-aspect-ratio\"><div class=\"wp-block-embed__wrapper\">\n<iframe loading=\"lazy\" title=\"Olivette Otele: African Europeans (Bristol Festival of Ideas)\" width=\"800\" height=\"450\" src=\"https:\/\/www.youtube.com\/embed\/-M-YAla-gQs?start=117&#038;feature=oembed\" frameborder=\"0\" allow=\"accelerometer; autoplay; clipboard-write; encrypted-media; gyroscope; picture-in-picture; web-share\" allowfullscreen><\/iframe>\n<\/div><\/figure>\n\n\n\n<p>Despite a growing body of evidence show ancient linkages between the peoples and cultures on the continents referred to as Africa and Europe today, African Europeans are still widely believed to be only a recent presence in Europe. As Otele writes, &#8216;In Europe they are often referred back to their African origin \u2013 even if they were born on European soil, and hold the nationality of the country in which they grew up. However, I think this designation has the merit of reflecting the diversity of origins, experiences and backgrounds of people of African origin.&#8217; (Otele 2021 click here)<\/p>\n\n\n\n<p>Migrations of people from Africa to Europe is often traced back to the mass enslavement of African people, but it is much older. People from the African continent have been present in the Roman Empire since antiquity. Some of Africans became illustrious figures such as the emperor Septimius Severus (145-211) who was born in what is now Libya, or Saint Augustine (354-430) and Apuleius (124-170) who came from North Africa. The African presence in Europe continued over the centuries. Frederick II, king of Sicily and Holy Roman emperor from 1220 to 1250, welcomed Africans into his court and employed them in his service. He even made one of them, John \u201cthe Moor\u201d, his chamberlain. Until the end of the fifteenth century, Arab and North African Muslims ruled over most of the Iberian Peninsula. And from the mid-fifteenth century onwards, wealthy families in central and northern Italy began to employ servants from Africa. Many Renaissance paintings bear witness to this.<\/p>\n\n\n\n<p>A shared history between Africa and Europe is much older and richer than what has been represented in European and American education which is centered on viewing African history through the prism of the slave trade. This historical moment has somehow eclipsed, or masked, the rich history that came before. <\/p>\n\n\n\n<h6 class=\"wp-block-heading\">Race and Racism in Europe<\/h6>\n\n\n\n<p>Before the seventeenth century, colour prejudice against Africans did exist, of course. But from the Middle Ages and into the Renaissance, the divide between Christians and Muslims outweighed most other considerations. Moreover, this prejudice was also directed virulently against other white-skinned groups, such as the Irish, who were perceived as savages by the English.<\/p>\n\n\n\n<p>The real turning point was the development of the slave trade, when the Portuguese, French, English, Dutch, Spanish, Swedes, and Venetians became embroiled in this frenzied race for profit. Theories about the racial inferiority of Africans were then developed by Europeans to justify the slave trade.&nbsp;<\/p>\n\n\n\n<p>Racist acts targeting Black cabinet-level officials in Italy and France have put a spotlight on the experiences of the 7-10 million people of African Descent in Europe \/ Black Europeans. A visible minority in Europe often unacknowledged despite a centuries\u2019 long presence in Europe, Black Europeans have increasingly become the targets of discrimination, pernicious racial profiling, and violent hate crimes impacting equal access to housing, employment, education, and justice.<\/p>\n\n\n\n<p>Europe today grapples with the complex intersection of national identity, decreasing birth rates, increasing immigration, security concerns, and a rise in extremist political parties and vigilantism. In this context, the experiences of Black Europeans increasingly serve as a measure of the strength of European democracies and commitments to human rights. The briefing discussed the work of Black European rights organizations and the efforts of the international community to address issues of inequality, discrimination, and inclusion for Black Europeans, in addition to discussing similarities and work with African-American civil rights organizations.<\/p>\n\n\n\n<blockquote class=\"wp-block-quote\">\n<p>Theories about racial inferiority were developed to justify the slave trade<\/p>\n<\/blockquote>\n\n\n\n<p>This had a lasting effect on the perception of Africans after 1700. It was at this time that black people were dehumanized and regarded as commodities. This is well-documented from a historical point of view. We have numerous log-books, registers and account books that attest to this.&nbsp;<\/p>\n\n\n\n<p>From that moment on, European identities were perceived as superior because of their economic power. Indeed, the slave trade changed people\u2019s perceptions, but it also shaped and sedimented identities, by accentuating the separation between whites on one side and blacks on the other.<\/p>\n\n\n\n<figure class=\"wp-block-embed is-type-wp-embed is-provider-afro-descendants-a-global-picture wp-block-embed-afro-descendants-a-global-picture\"><div class=\"wp-block-embed__wrapper\">\n<blockquote class=\"wp-embedded-content\" data-secret=\"BcpyNhJINg\"><a href=\"https:\/\/stories.minorityrights.org\/afro-descendants\/chapter\/europe\/\">Europe<\/a><\/blockquote><iframe class=\"wp-embedded-content\" sandbox=\"allow-scripts\" security=\"restricted\" style=\"position: absolute; clip: rect(1px, 1px, 1px, 1px);\" title=\"&#8220;Europe&#8221; &#8212; Afro-Descendants: A Global Picture\" src=\"https:\/\/stories.minorityrights.org\/afro-descendants\/chapter\/europe\/embed\/#?secret=Ev1AIx2vwE#?secret=BcpyNhJINg\" data-secret=\"BcpyNhJINg\" width=\"600\" height=\"338\" frameborder=\"0\" marginwidth=\"0\" marginheight=\"0\" scrolling=\"no\"><\/iframe>\n<\/div><\/figure>\n\n\n\n<figure class=\"wp-block-embed\"><div class=\"wp-block-embed__wrapper\">\nhttps:\/\/www.bbc.com\/news\/world-europe-46369046\n<\/div><\/figure>\n\n\n\n<h6 class=\"wp-block-heading\"><strong>Afro-European Communities in Europe<\/strong>&nbsp;<\/h6>\n\n\n\n<p>are individuals residing in Europe who were born in&nbsp;Africa, this includes both individuals born in&nbsp;North Africa&nbsp;and&nbsp;Sub-Saharan Africa.<\/p>\n\n\n\n<p>In the&nbsp;European Union&nbsp;as of 2019, there is a record of approximately 9.6 million people of&nbsp;Sub Saharan African&nbsp;or&nbsp;Afro-Caribbean&nbsp;descent, comprising around 2% of the total population, with over half located in&nbsp;France. The countries with the largest African population in the&nbsp;EU&nbsp;are: <\/p>\n\n\n\n<p><a href=\"blob:https:\/\/www.nbcnews.com\/39f709fe-e255-46ca-a4a3-af34ca9cff41\">blob:https:\/\/www.nbcnews.com\/39f709fe-e255-46ca-a4a3-af34ca9cff41<\/a><\/p>\n\n\n\n<figure class=\"wp-block-table is-style-stripes\"><table><thead><tr><th>Country<\/th><th>approx. Population<\/th><th>Community Facts and Links<\/th><\/tr><\/thead><tbody><tr><td>France<\/td><td>5,464,000<\/td><td>In 2020 more than<strong> <\/strong>600,000 nationals of African States were legally resident in France. The largest comes from Mali (76,500 individuals) followed by Senegal (67,000) and the DRC (64,000). According to various data sets from the National Institute for Statistics and Economic Studies,&nbsp;around 3 million French nationals of sub-Saharan African origin live in France as naturalized citizens and\/or second-generation immigrants.&nbsp;Watch: &#8216;<a rel=\"noreferrer noopener\" href=\"https:\/\/www.nbcnews.com\/news\/nbcblk\/traveling-noir-pariss-little-africa-district-n365536\" target=\"_blank\">Traveling Noir: Sights and Sounds of Paris&#8217;s &#8216;Little Africa&#8217; Neighborhood<\/a><\/td><\/tr><tr><td>Italy<\/td><td>2,300,000 <\/td><td>There are approximately 867,000 people of sub-Saharan African descent living in Italy. Close proximity to North Africa provides a strong Arabic influence. especially in the southern portion of the Italian peninsula and islands such as Sicily and Sardinia. More than 1.5 million people of Arabic or Berber (Amazighe) descent from North African countries such as Morocco, Egypt, and Tunisia. To learn about Arabic influences in Italy, read &#8221;<a rel=\"noreferrer noopener\" href=\"https:\/\/www.middleeasteye.net\/discover\/sicily-italy-arab-legacy-north-african-heritage-food\" target=\"_blank\">A beacon of hope&#8217;: Sicily\u2019s enduring North African heritage.<\/a>&#8216;<\/td><\/tr><tr><td>Spain<\/td><td>1,500,000 <\/td><td>There are currently&nbsp;1,301,296 people<strong> <\/strong>&nbsp;in Spain who were born in countries of the African continent (excluding the 1,802,810 born in Ceuta, Melilla and the Canary Islands which are Spanish territories geographically in Africa.) There are approximately 700,000 Black People (people born in Sub-Saharan, Caribbean or Latin American countries) living in Spain as well as 800,000 people from Morocco.  Close proximity between Spain and Morocco makes Spain a common entry point for illegal entry into Europe. to learn about African migrations into Spain, read &#8216;<a rel=\"noreferrer noopener\" href=\"https:\/\/www.washingtonpost.com\/world\/2021\/05\/18\/ceuta-morocco-spain-migrants\/\" target=\"_blank\">More than 6,000 migrants swim to Spanish outpost in North Africa, prompting military response<\/a>&#8216; and &#8216;<a rel=\"noreferrer noopener\" href=\"http:\/\/The Long History of African Immigrants in Spain\" target=\"_blank\">The long history of African immigrants in Spain.<\/a>&#8216;<\/td><\/tr><tr><td>Germany<\/td><td>1,000,000 <\/td><td>More than one million people of African descent live in Germany. Cities with sizeable African and Afro-German communities are&nbsp;Hamburg, Darmstadt, Frankfurt am Main, Bonn, Munich, Berlin and Bremen. Hamburg has the largest absolute number of African-born nationals, whereas Darmstadt and Frankfurt have the highest share of African residents in regard to the population. For more information, read &#8216;<a href=\"https:\/\/www.jstor.org\/stable\/2668033\" target=\"_blank\" rel=\"noreferrer noopener\">The African Diaspora in Europe: African Germans Speak Out<\/a>.&#8217;<\/td><\/tr><tr><td>Netherlands<\/td><td>500,000<\/td><td>Roughly 500,000 people in the Netherlands are of Sub-Saharan Africans ancestry with a majority of the population linked to former Dutch colonies in the Caribbean. There is also a sizable population of Cape Verdean, Ghanaian, Nigerian, Somali, Angolan and other African communities of more recent immigrants. for more information, read &#8216;<a href=\"https:\/\/doi.org\/10.1007\/978-0-387-29904-4_61\" target=\"_blank\" rel=\"noreferrer noopener\">Blakely A. (2005) African Diaspora in the Netherlands<\/a>.&#8217;<\/td><\/tr><tr><td>Portugal<\/td><td>450,000<\/td><td>There are over 200,000 Sub Saharan born immigrants in Portugal, majority from the ex-colonies in Africa.&nbsp;&nbsp;such as Angola,&nbsp;Guinea-Bissau,&nbsp;S\u00e3o Tom\u00e9 and Pr\u00edncipe,&nbsp;Cape Verde&nbsp;and&nbsp;Mozambique. As a direct result of colonization and Portugal&#8217;s leading role in the mass enslavement of African people, the country&#8217;s capital of Lisbon is shaped by string African influences in architecture, music, food, and culture. To learn more, read &#8216;<a rel=\"noreferrer noopener\" href=\"https:\/\/travelnoire.com\/black-owned-lisbon-portugal\" target=\"_blank\">How To Spend A Day In Black-Owned Lisbon, Portugal<\/a>.&#8217;&nbsp;<\/td><\/tr><tr><td>Belgium<\/td><td>410,000<\/td><td>More than 400,000 residents have roots in the former Belgian colonies of the Congo, Rwanda, and Burundi as well as other French-speaking African countries.&nbsp;While Belgians confront their colonial past in the wake of global protests over the death of George Floyd in police custody, a neighborhood in Brussels seen by some as a haven for Black citizens. For more information, read &#8216;<a rel=\"noreferrer noopener\" href=\"https:\/\/www.reuters.com\/article\/us-belgium-congo-matonge\/matonge-an-african-home-in-brussels-idUSKBN240245\" target=\"_blank\">Matonge, an African home in Brussels<\/a>.&#8217;<\/td><\/tr><tr><td>Sweden<\/td><td>316,500<\/td><td>In 2020 more than 300,000 people with roots in Africa lived in Sweden, most of whom are recent immigrants, refugees, and asylum seekers from Somalia and Eritrea. For more information, visit &#8216;<a href=\"https:\/\/nai.uu.se\/research-and-policy-advice\/project\/finalized\/mapping-african-immigrants-in-sweden.html\" target=\"_blank\" rel=\"noreferrer noopener\">Mapping African Immigrants in Sweden<\/a>.&#8217; <\/td><\/tr><\/tbody><\/table><\/figure>\n\n\n\n<p><a href=\"https:\/\/qz.com\/1236213\/europes-black-population-has-increased-by-at-least-a-million-over-the-last-decade\/\">https:\/\/qz.com\/1236213\/europes-black-population-has-increased-by-at-least-a-million-over-the-last-decade\/<\/a><\/p>\n\n\n\n<h6 class=\"wp-block-heading\">African Influences in Contemporary European Music<\/h6>\n\n\n\n<p>Africa&#8217;s musical diaspora has spread far and wide throughout Europe, and many African musicians have relocated to Europe and proliferated African rhythms through radio stations across the continent to cultivate a European Afro-Beat. A few examples include Luanda born and Lisbon raised, Pongo, in Lisbon wherea genre called&nbsp;Kuduro&nbsp;thrived. The energetic and punchy dance music born in Luanda in the late 1980\u2019s became a staple of Pongo\u2019s sound ever since her musical debut and her sound has evolved into a blend of Electronic and Pop styles, layered with Portuguese and Kimbundu rap verses that largely reflect on the struggles Pongo has endured as a young African woman trying to make it in Portugal\u2019s music scene.<\/p>\n\n\n\n<figure class=\"wp-block-embed is-type-video is-provider-youtube wp-block-embed-youtube wp-embed-aspect-16-9 wp-has-aspect-ratio\"><div class=\"wp-block-embed__wrapper\">\n<iframe loading=\"lazy\" title=\"Pongo - UWA (Official Music Video)\" width=\"800\" height=\"450\" src=\"https:\/\/www.youtube.com\/embed\/jsorxwml0wA?feature=oembed\" frameborder=\"0\" allow=\"accelerometer; autoplay; clipboard-write; encrypted-media; gyroscope; picture-in-picture; web-share\" allowfullscreen><\/iframe>\n<\/div><\/figure>\n\n\n\n<p>&nbsp;Ga\u00ebl Faye is an author-composer-performer, rapper and writer who focuses his artistic expression on exploring his experiences growing up in Burundi during the civil war and trying to rebuild himself after immigrating to France during his adolescence. Ga\u00ebl\u2019s particular style of French hip-hop fuses elements of Soul, Jazz, Semba, Congolese Rumba, and Sebene. His autobiographical song \u201c<a href=\"https:\/\/www.youtube.com\/watch?v=XTF2pwr8lYk\">Petit Pays (Small Country)<\/a>\u201d formed the basis for his award-winning novel, and later, feature-film of the same name.<\/p>\n\n\n\n<figure class=\"wp-block-embed is-type-video is-provider-youtube wp-block-embed-youtube wp-embed-aspect-16-9 wp-has-aspect-ratio\"><div class=\"wp-block-embed__wrapper\">\n<iframe loading=\"lazy\" title=\"Ga\u00ebl Faye - Respire (Clip Officiel)\" width=\"800\" height=\"450\" src=\"https:\/\/www.youtube.com\/embed\/NxPbrOWbltE?feature=oembed\" frameborder=\"0\" allow=\"accelerometer; autoplay; clipboard-write; encrypted-media; gyroscope; picture-in-picture; web-share\" allowfullscreen><\/iframe>\n<\/div><\/figure>\n\n\n\n<p>Born in the region of Algeria that gave birth to&nbsp;Ra\u00ef music, Sofiane Saidi is the inventor of oriental glam.  At 17 Sofiane immigrated to Paris, an began a variety of musical projects including collaborations with Acid Arab and Kenzi Bourras. Sofiane\u2019s evolved sound, mixing Ra\u00ef with genres such as Jazz, Trip-Hop and Electro, soon put Ra\u00ef music at the pulse of Parisian nights. For his latest album&nbsp;<a href=\"https:\/\/sofianesaidimazalda.bandcamp.com\/album\/el-ndjoum\"><em>El Ndjoum<\/em><\/a>, he collaborated with 7-piece band Mazalda to create an explosive mix of Ra\u00ef and contemporary electronic music forming Algerian soul music.<\/p>\n\n\n\n<figure class=\"wp-block-embed is-type-video is-provider-youtube wp-block-embed-youtube wp-embed-aspect-16-9 wp-has-aspect-ratio\"><div class=\"wp-block-embed__wrapper\">\n<iframe loading=\"lazy\" title=\"Sofiane Saidi &amp; Mazalda - El Ndjoum - Official Music Video (Arr. Ammar 808)\" width=\"800\" height=\"450\" src=\"https:\/\/www.youtube.com\/embed\/HM6BGVLVeQc?feature=oembed\" frameborder=\"0\" allow=\"accelerometer; autoplay; clipboard-write; encrypted-media; gyroscope; picture-in-picture; web-share\" allowfullscreen><\/iframe>\n<\/div><\/figure>\n\n\n\n<h6 class=\"wp-block-heading\">References and Resources<\/h6>\n\n\n\n<ul>\n<li>Goodwin, Stefan. 2008. Africa in Europe: Interdependencies, Relocations, and Globalization. Lexington Books.  <\/li>\n\n\n\n<li><a rel=\"noreferrer noopener\" href=\"https:\/\/www.culturaldiplomacy.org\/index.php?en_programs_diaspora_eu\" target=\"_blank\">Institute for Cultural Diplomacy. &#8216;The African Diaspora in Europe.&#8217;<\/a><\/li>\n\n\n\n<li>Adams, Anne V. \u201cShowing Our Colours\/Afro-German Women Speak Out.\u201d London: Open Letters, 1992.<\/li>\n\n\n\n<li>Blackshire-Belay, C. Aisha. \u201cThe African Diaspora in Europe: African Germans Speak Out.\u201d Journal of Black Studies, vol. 31, no. 3 (Jan. 2001): 264-287.<\/li>\n\n\n\n<li>McBride, David, Leroy Hopkins, and C. Aisha Blackshire-Belay. Crosscurrents: African Americans, Africa, and Germany in the Modern World<\/li>\n\n\n\n<li>Adi, Hakim. \u201cPan-Africanism and West African Nationalism in Britain.\u201d African Studies Review, vol. 43, no. 1 (Apr. 2000): 69-82.<\/li>\n\n\n\n<li>Bullen, Roger. \u201cFrance and Britain in Africa. Imperial Rivalry and Colonial Rule (A Review).\u201d The English Historical Review, vol. 88, no. 349 (Oct. 1973): 864-866.<\/li>\n\n\n\n<li>Ciecko, Anne. \u201cRepresenting the Spaces of Diaspora in Contemporary British Films by Women Directors.\u201d Cinema Journal, vol. 38, no. 3 (Spring 1999): 67-90.<\/li>\n\n\n\n<li>Laachir, Karima. \u201cNorth African Diaspora in France and Colonial Legacies.\u201d In Diasporas: Movements and Cultures, ed. Nick Hewitt and Dick Geary. Nottingham: Critical, Cultural and Communication Press, 2007.<\/li>\n\n\n\n<li>Alpers, Edward A. The Journal of Modern African Studies. vol. 7, no. 3 (Oct. 1969): 544-546.<\/li>\n\n\n\n<li>Wuyts, Ann (22 October 2011).&nbsp;<a href=\"https:\/\/www.independent.co.uk\/life-style\/history\/evidence-of-upper-class-africans-living-in-roman-york-1914553.html\">&#8220;Evidence of &#8216;upper class&#8217; Africans living in Roman York&#8221;<\/a>.&nbsp;<em>The Independent<\/em>.<\/li>\n<\/ul>\n\n\n\n<h6 class=\"wp-block-heading\">For Discussion in Canvas<\/h6>\n\n\n\n<p>Research and describe a contemporary Africanism in Europe.  Identify the social and historical context; does it have ancient roots or is it a more recent phenomena?<\/p>\n\n\n\n<p>When you complete the lesson, move on to <a href=\"https:\/\/www.anthrocervone.org\/africanhumanities\/globalization\/africa-in-latin-america\/\" data-type=\"page\" data-id=\"2208\">Africa in Latin America<\/a>.<\/p>\n","protected":false},"excerpt":{"rendered":"<p>The histories of Europe and Africa are intertwined. The peoples and cultures in Africa and Europe have had a long-standing<\/p>\n","protected":false},"author":1,"featured_media":0,"parent":24,"menu_order":0,"comment_status":"closed","ping_status":"closed","template":"","meta":[],"_links":{"self":[{"href":"https:\/\/www.anthrocervone.org\/africanhumanities\/wp-json\/wp\/v2\/pages\/2321"}],"collection":[{"href":"https:\/\/www.anthrocervone.org\/africanhumanities\/wp-json\/wp\/v2\/pages"}],"about":[{"href":"https:\/\/www.anthrocervone.org\/africanhumanities\/wp-json\/wp\/v2\/types\/page"}],"author":[{"embeddable":true,"href":"https:\/\/www.anthrocervone.org\/africanhumanities\/wp-json\/wp\/v2\/users\/1"}],"replies":[{"embeddable":true,"href":"https:\/\/www.anthrocervone.org\/africanhumanities\/wp-json\/wp\/v2\/comments?post=2321"}],"version-history":[{"count":9,"href":"https:\/\/www.anthrocervone.org\/africanhumanities\/wp-json\/wp\/v2\/pages\/2321\/revisions"}],"predecessor-version":[{"id":2653,"href":"https:\/\/www.anthrocervone.org\/africanhumanities\/wp-json\/wp\/v2\/pages\/2321\/revisions\/2653"}],"up":[{"embeddable":true,"href":"https:\/\/www.anthrocervone.org\/africanhumanities\/wp-json\/wp\/v2\/pages\/24"}],"wp:attachment":[{"href":"https:\/\/www.anthrocervone.org\/africanhumanities\/wp-json\/wp\/v2\/media?parent=2321"}],"curies":[{"name":"wp","href":"https:\/\/api.w.org\/{rel}","templated":true}]}}